{"id":33894,"date":"2025-07-09T14:04:51","date_gmt":"2025-07-09T14:04:51","guid":{"rendered":"https:\/\/immomedianet.de\/kontakt\/"},"modified":"2025-12-01T12:03:21","modified_gmt":"2025-12-01T12:03:21","slug":"kontakt","status":"publish","type":"page","link":"https:\/\/immomedianet.de\/pl\/kontakt\/","title":{"rendered":"Kontakt"},"content":{"rendered":"\n<div class=\"wp-block-nectar-blocks-row alignfull nectar-block nectar-blocks-row\" id=\"block-YkwDmWfTgQ\"><div class=\"nectar-blocks-row__wrapper parent-block-block-YkwDmWfTgQ\"><div class=\"nectar__bg-layers parent-block-block-YkwDmWfTgQ\"><div class=\"nectar__bg-layer nectar__bg-color\"><\/div><div class=\"nectar__bg-layer nectar__bg-image lazy-load-bg\"><\/div><div class=\"nectar__bg-layer nectar__bg-shape display-desktop position-top shape-straight align-inside\"><svg role=\"none\" xmlns=\"http:\/\/www.w3.org\/2000\/svg\" viewBox=\"0 0 100 10\" preserveAspectRatio=\"none\" class=\"nectar_component__shape-select__shape nectar_component__shape-select__shape--straight\"><polygon points=\"104 10, 104 0, 0 0, 0 10\"><\/polygon><\/svg><\/div><\/div><div class=\"nectar-blocks-row__inner parent-block-block-YkwDmWfTgQ is-contained-content\">\n<div class=\"wp-block-nectar-blocks-column nectar-blocks-column nectar-block\" id=\"block-97Gti94TqM\"><div class=\"nectar-blocks-column__wrapper parent-block-block-97Gti94TqM\"><div class=\"nectar__bg-layers parent-block-block-97Gti94TqM\"><div class=\"nectar__bg-layer nectar__bg-color\"><\/div><\/div><div class=\"nectar-blocks-column__inner nectar-blocks-column__content-wrap parent-block-block-97Gti94TqM\">\n<div class=\"wp-block-contact-form-7-contact-form-selector\">\n<div class=\"wpcf7 no-js\" id=\"wpcf7-f32267-o1\" lang=\"pl-PL\" dir=\"ltr\" data-wpcf7-id=\"32267\">\n<div class=\"screen-reader-response\"><p role=\"status\" aria-live=\"polite\" aria-atomic=\"true\"><\/p> <ul><\/ul><\/div>\n<form action=\"\/pl\/wp-json\/wp\/v2\/pages\/33894#wpcf7-f32267-o1\" method=\"post\" class=\"wpcf7-form init\" aria-label=\"Formularz kontaktowy\" novalidate=\"novalidate\" data-status=\"init\">\n<fieldset class=\"hidden-fields-container\"><input type=\"hidden\" name=\"_wpcf7\" value=\"32267\" \/><input type=\"hidden\" name=\"_wpcf7_version\" value=\"6.1.5\" \/><input type=\"hidden\" name=\"_wpcf7_locale\" value=\"pl_PL\" \/><input type=\"hidden\" name=\"_wpcf7_unit_tag\" value=\"wpcf7-f32267-o1\" \/><input type=\"hidden\" name=\"_wpcf7_container_post\" value=\"0\" \/><input type=\"hidden\" name=\"_wpcf7_posted_data_hash\" value=\"\" \/>\n<\/fieldset>\n<div id=\"con7_form\">\n\t<h3>Twoje dane\n\t<\/h3>\n\t<div class=\"inputfield head\">\n\t\t<p><label>Pozdrowienia:<\/label><span class=\"wpcf7-form-control-wrap\" data-name=\"anrede\"><span class=\"wpcf7-form-control wpcf7-radio\"><span class=\"wpcf7-list-item first\"><label><input type=\"radio\" name=\"anrede\" value=\"Pan\" checked=\"checked\" \/><span class=\"wpcf7-list-item-label\">Pan<\/span><\/label><\/span><span class=\"wpcf7-list-item\"><label><input type=\"radio\" name=\"anrede\" value=\"Pani\" \/><span class=\"wpcf7-list-item-label\">Pani<\/span><\/label><\/span><span class=\"wpcf7-list-item last\"><label><input type=\"radio\" name=\"anrede\" value=\"Firma\" \/><span class=\"wpcf7-list-item-label\">Firma<\/span><\/label><\/span><\/span><\/span>\n\t\t<\/p>\n\t<\/div>\n\t<div class=\"col-1\">\n\t\t<div class=\"inputfield\">\n\t\t\t<p><label>Imi\u0119*<\/label><br \/>\n<span class=\"wpcf7-form-control-wrap\" data-name=\"vorname\"><input size=\"40\" maxlength=\"400\" class=\"wpcf7-form-control wpcf7-text wpcf7-validates-as-required con7_vorname\" aria-required=\"true\" aria-invalid=\"false\" placeholder=\"Twoje imi\u0119\" value=\"\" type=\"text\" name=\"vorname\" \/><\/span>\n\t\t\t<\/p>\n\t\t<\/div>\n\t\t<div class=\"inputfield\">\n\t\t\t<p><label>Nazwisko*<\/label><br \/>\n<span class=\"wpcf7-form-control-wrap\" data-name=\"nachname\"><input size=\"40\" maxlength=\"400\" class=\"wpcf7-form-control wpcf7-text wpcf7-validates-as-required con7_nachname\" aria-required=\"true\" aria-invalid=\"false\" placeholder=\"Pa\u0144stwa nazwisko\" value=\"\" type=\"text\" name=\"nachname\" \/><\/span>\n\t\t\t<\/p>\n\t\t<\/div>\n\t<\/div>\n\t<div class=\"col-1\">\n\t\t<div class=\"inputfield\">\n\t\t\t<p><label>Firma<\/label>\n\t\t\t<\/p>\n\t\t\t<p><span class=\"wpcf7-form-control-wrap\" data-name=\"firma\"><input size=\"40\" maxlength=\"400\" class=\"wpcf7-form-control wpcf7-text con7_firma\" aria-invalid=\"false\" placeholder=\"Opcjonalnie: Twoja firma\" value=\"\" type=\"text\" name=\"firma\" \/><\/span>\n\t\t\t<\/p>\n\t\t<\/div>\n\t\t<div class=\"inputfield\">\n\t\t\t<p><label>Ulica, nr<\/label><br \/>\n<span class=\"wpcf7-form-control-wrap\" data-name=\"strasse\"><input size=\"40\" maxlength=\"400\" class=\"wpcf7-form-control wpcf7-text con7_strasse\" aria-invalid=\"false\" placeholder=\"Ulica i numer domu\" value=\"\" type=\"text\" name=\"strasse\" \/><\/span>\n\t\t\t<\/p>\n\t\t<\/div>\n\t<\/div>\n\t<div class=\"col-1\">\n\t\t<div class=\"inputfield\">\n\t\t\t<p><label>kod pocztowy<\/label>\n\t\t\t<\/p>\n\t\t\t<p><span class=\"wpcf7-form-control-wrap\" data-name=\"plz\"><input size=\"40\" maxlength=\"400\" class=\"wpcf7-form-control wpcf7-text con7_plz\" aria-invalid=\"false\" placeholder=\"kod pocztowy\" value=\"\" type=\"text\" name=\"plz\" \/><\/span>\n\t\t\t<\/p>\n\t\t<\/div>\n\t\t<div class=\"inputfield\">\n\t\t\t<p><label>Miasto<\/label>\n\t\t\t<\/p>\n\t\t\t<p><span class=\"wpcf7-form-control-wrap\" data-name=\"stadt\"><input size=\"40\" maxlength=\"400\" class=\"wpcf7-form-control wpcf7-text con7_stadt\" aria-invalid=\"false\" placeholder=\"Miasto\" value=\"\" type=\"text\" name=\"stadt\" \/><\/span>\n\t\t\t<\/p>\n\t\t<\/div>\n\t<\/div>\n\t<div class=\"col-1\">\n\t\t<div class=\"inputfield\">\n\t\t\t<p><label>Telefon<\/label><br \/>\n<span class=\"wpcf7-form-control-wrap\" data-name=\"telefon\"><input size=\"40\" maxlength=\"400\" class=\"wpcf7-form-control wpcf7-tel wpcf7-text wpcf7-validates-as-tel con7_telefon\" aria-invalid=\"false\" placeholder=\"Tw\u00f3j numer telefonu\" value=\"\" type=\"tel\" name=\"telefon\" \/><\/span>\n\t\t\t<\/p>\n\t\t<\/div>\n\t\t<div class=\"inputfield\">\n\t\t\t<p><label>E-Mail*<\/label><br \/>\n<span class=\"wpcf7-form-control-wrap\" data-name=\"email\"><input size=\"40\" maxlength=\"400\" class=\"wpcf7-form-control wpcf7-email wpcf7-validates-as-required wpcf7-text wpcf7-validates-as-email con7_email\" aria-required=\"true\" aria-invalid=\"false\" placeholder=\"Tw\u00f3j adres e-mail\" value=\"\" type=\"email\" name=\"email\" \/><\/span>\n\t\t\t<\/p>\n\t\t<\/div>\n\t<\/div>\n\t<div class=\"inputfield\">\n\t\t<p><label>Temat<\/label><br \/>\n<span class=\"wpcf7-form-control-wrap\" data-name=\"betreff\"><select class=\"wpcf7-form-control wpcf7-select\" aria-invalid=\"false\" name=\"betreff\"><option value=\"---\">---<\/option><option value=\"Og\u00f3lne zapytanie\">Og\u00f3lne zapytanie<\/option><option value=\"Sprawd\u017a dost\u0119pno\u015b\u0107\">Sprawd\u017a dost\u0119pno\u015b\u0107<\/option><option value=\"Pytanie techniczne\">Pytanie techniczne<\/option><option value=\"Inne\">Inne<\/option><\/select><\/span>\n\t\t<\/p>\n\t<\/div>\n\t<div class=\"inputfield\">\n\t\t<p>Twoja wiadomo\u015b\u0107<br \/>\n<span class=\"wpcf7-form-control-wrap\" data-name=\"nachricht\"><textarea cols=\"40\" rows=\"10\" maxlength=\"2000\" class=\"wpcf7-form-control wpcf7-textarea con7_nachricht\" aria-invalid=\"false\" placeholder=\"Twoja wiadomo\u015b\u0107\" name=\"nachricht\"><\/textarea><\/span>\n\t\t<\/p>\n\t<\/div>\n\t<p><span class=\"wpcf7-form-control-wrap kc_captcha\" data-name=\"kc_captcha\"><span class=\"wpcf7-form-control wpcf7-radio\"><span class=\"captcha-image\" ><span class=\"cf7ic_instructions\">Please prove you are human by selecting the<span> house<\/span>.<\/span><label><input aria-label=\"1\" type=\"radio\" name=\"kc_captcha\" value=\"kc_human\" \/><svg aria-hidden=\"true\" role=\"img\" xmlns=\"http:\/\/www.w3.org\/2000\/svg\" viewBox=\"0 0 576 512\"><path fill=\"currentColor\" d=\"M488 313v143c0 13-11 24-24 24H348c-7 0-12-5-12-12V356c0-7-5-12-12-12h-72c-7 0-12 5-12 12v112c0 7-5 12-12 12H112c-13 0-24-11-24-24V313c0-4 2-7 4-10l188-154c5-4 11-4 16 0l188 154c2 3 4 6 4 10zm84-61l-84-69V44c0-6-5-12-12-12h-56c-7 0-12 6-12 12v73l-89-74a48 48 0 00-61 0L4 252c-5 4-5 12-1 17l25 31c5 5 12 5 17 1l235-193c5-4 11-4 16 0l235 193c5 5 13 4 17-1l25-31c4-6 4-13-1-17z\"\/><\/svg><\/label><label><input aria-label=\"2\" type=\"radio\" name=\"kc_captcha\" value=\"bot\" \/><svg aria-hidden=\"true\" role=\"img\" xmlns=\"http:\/\/www.w3.org\/2000\/svg\" viewBox=\"0 0 512 512\"><path fill=\"currentColor\" d=\"M350 99c-54 0-98-35-166-35-25 0-47 4-68 12a56 56 0 004-24C118 24 95 1 66 0a56 56 0 00-34 102v386c0 13 11 24 24 24h16c13 0 24-11 24-24v-94c28-12 64-23 114-23 54 0 98 35 166 35 48 0 86-16 122-41 9-6 14-15 14-26V96c0-23-24-39-45-29-35 16-77 32-117 32z\"\/><\/svg><\/label><label><input aria-label=\"3\" type=\"radio\" name=\"kc_captcha\" value=\"bot\" \/><svg aria-hidden=\"true\" role=\"img\" xmlns=\"http:\/\/www.w3.org\/2000\/svg\" viewBox=\"0 0 640 512\"><path fill=\"currentColor\" d=\"M624 352h-16V244c0-13-5-25-14-34L494 110c-9-9-21-14-34-14h-44V48c0-26-21-48-48-48H48C22 0 0 22 0 48v320c0 27 22 48 48 48h16a96 96 0 00192 0h128a96 96 0 00192 0h48c9 0 16-7 16-16v-32c0-9-7-16-16-16zM160 464a48 48 0 110-96 48 48 0 010 96zm320 0a48 48 0 110-96 48 48 0 010 96zm80-208H416V144h44l100 100v12z\"\/><\/svg><\/label>\r\n    <\/span>\r\n    <span style=\"display:none\">\r\n        <input type=\"text\" name=\"kc_honeypot\">\r\n    <\/span><\/span><\/span>\n\t<\/p>\n\t<p><input class=\"wpcf7-form-control wpcf7-submit has-spinner co_Submit\" type=\"submit\" value=\"Wy\u015blij\" \/>\n\t<\/p>\n<\/div><div class=\"wpcf7-response-output\" aria-hidden=\"true\"><\/div>\n<\/form>\n<\/div>\n<\/div>\n<\/div><\/div><\/div>\n<\/div><\/div><\/div>\n","protected":false},"excerpt":{"rendered":"","protected":false},"author":3,"featured_media":0,"parent":0,"menu_order":0,"comment_status":"closed","ping_status":"closed","template":"","meta":{"_acf_changed":false,"_nectar_blocks_hide_post_title":true,"_nectar_blocks_transparent_header_effect":false,"_nectar_blocks_transparent_header_effect_color":"light","_nectar_blocks_header_animation":false,"_nectar_blocks_header_animation_delay":0,"_nectar_blocks_header_animation_effect":"fade","_nectar_blocks_page_css":"","_nectar_blocks_page_js":"","inline_featured_image":false,"footnotes":""},"class_list":["post-33894","page","type-page","status-publish"],"acf":[],"yoast_head":"<!-- This site is optimized with the Yoast SEO plugin v27.2 - https:\/\/yoast.com\/product\/yoast-seo-wordpress\/ -->\n<title>Kontakt - ImmoMediaNet<\/title>\n<meta name=\"robots\" content=\"index, follow, max-snippet:-1, max-image-preview:large, max-video-preview:-1\" \/>\n<link rel=\"canonical\" href=\"https:\/\/immomedianet.de\/pl\/kontakt\/\" \/>\n<meta property=\"og:locale\" content=\"pl_PL\" \/>\n<meta property=\"og:type\" content=\"article\" \/>\n<meta property=\"og:title\" content=\"Kontakt - ImmoMediaNet\" \/>\n<meta property=\"og:url\" content=\"https:\/\/immomedianet.de\/pl\/kontakt\/\" \/>\n<meta property=\"og:site_name\" content=\"ImmoMediaNet\" \/>\n<meta property=\"article:modified_time\" content=\"2025-12-01T12:03:21+00:00\" \/>\n<meta name=\"twitter:card\" content=\"summary_large_image\" \/>\n<script type=\"application\/ld+json\" class=\"yoast-schema-graph\">{\"@context\":\"https:\/\/schema.org\",\"@graph\":[{\"@type\":\"WebPage\",\"@id\":\"https:\/\/immomedianet.de\/pl\/kontakt\/\",\"url\":\"https:\/\/immomedianet.de\/pl\/kontakt\/\",\"name\":\"Kontakt - ImmoMediaNet\",\"isPartOf\":{\"@id\":\"https:\/\/immomedianet.de\/pl\/#website\"},\"datePublished\":\"2025-07-09T14:04:51+00:00\",\"dateModified\":\"2025-12-01T12:03:21+00:00\",\"breadcrumb\":{\"@id\":\"https:\/\/immomedianet.de\/pl\/kontakt\/#breadcrumb\"},\"inLanguage\":\"pl-PL\",\"potentialAction\":[{\"@type\":\"ReadAction\",\"target\":[\"https:\/\/immomedianet.de\/pl\/kontakt\/\"]}]},{\"@type\":\"BreadcrumbList\",\"@id\":\"https:\/\/immomedianet.de\/pl\/kontakt\/#breadcrumb\",\"itemListElement\":[{\"@type\":\"ListItem\",\"position\":1,\"name\":\"Start\",\"item\":\"https:\/\/immomedianet.de\/pl\/\"},{\"@type\":\"ListItem\",\"position\":2,\"name\":\"Kontakt\"}]},{\"@type\":\"WebSite\",\"@id\":\"https:\/\/immomedianet.de\/pl\/#website\",\"url\":\"https:\/\/immomedianet.de\/pl\/\",\"name\":\"ImmoMediaNet\",\"description\":\"Ihr Weg zu schnellem Internet\",\"potentialAction\":[{\"@type\":\"SearchAction\",\"target\":{\"@type\":\"EntryPoint\",\"urlTemplate\":\"https:\/\/immomedianet.de\/pl\/?s={search_term_string}\"},\"query-input\":{\"@type\":\"PropertyValueSpecification\",\"valueRequired\":true,\"valueName\":\"search_term_string\"}}],\"inLanguage\":\"pl-PL\"}]}<\/script>\n<!-- \/ Yoast SEO plugin. -->","yoast_head_json":{"title":"Kontakt - ImmoMediaNet","robots":{"index":"index","follow":"follow","max-snippet":"max-snippet:-1","max-image-preview":"max-image-preview:large","max-video-preview":"max-video-preview:-1"},"canonical":"https:\/\/immomedianet.de\/pl\/kontakt\/","og_locale":"pl_PL","og_type":"article","og_title":"Kontakt - ImmoMediaNet","og_url":"https:\/\/immomedianet.de\/pl\/kontakt\/","og_site_name":"ImmoMediaNet","article_modified_time":"2025-12-01T12:03:21+00:00","twitter_card":"summary_large_image","schema":{"@context":"https:\/\/schema.org","@graph":[{"@type":"WebPage","@id":"https:\/\/immomedianet.de\/pl\/kontakt\/","url":"https:\/\/immomedianet.de\/pl\/kontakt\/","name":"Kontakt - ImmoMediaNet","isPartOf":{"@id":"https:\/\/immomedianet.de\/pl\/#website"},"datePublished":"2025-07-09T14:04:51+00:00","dateModified":"2025-12-01T12:03:21+00:00","breadcrumb":{"@id":"https:\/\/immomedianet.de\/pl\/kontakt\/#breadcrumb"},"inLanguage":"pl-PL","potentialAction":[{"@type":"ReadAction","target":["https:\/\/immomedianet.de\/pl\/kontakt\/"]}]},{"@type":"BreadcrumbList","@id":"https:\/\/immomedianet.de\/pl\/kontakt\/#breadcrumb","itemListElement":[{"@type":"ListItem","position":1,"name":"Start","item":"https:\/\/immomedianet.de\/pl\/"},{"@type":"ListItem","position":2,"name":"Kontakt"}]},{"@type":"WebSite","@id":"https:\/\/immomedianet.de\/pl\/#website","url":"https:\/\/immomedianet.de\/pl\/","name":"ImmoMediaNet","description":"Ihr Weg zu schnellem Internet","potentialAction":[{"@type":"SearchAction","target":{"@type":"EntryPoint","urlTemplate":"https:\/\/immomedianet.de\/pl\/?s={search_term_string}"},"query-input":{"@type":"PropertyValueSpecification","valueRequired":true,"valueName":"search_term_string"}}],"inLanguage":"pl-PL"}]}},"_links":{"self":[{"href":"https:\/\/immomedianet.de\/pl\/wp-json\/wp\/v2\/pages\/33894","targetHints":{"allow":["GET"]}}],"collection":[{"href":"https:\/\/immomedianet.de\/pl\/wp-json\/wp\/v2\/pages"}],"about":[{"href":"https:\/\/immomedianet.de\/pl\/wp-json\/wp\/v2\/types\/page"}],"author":[{"embeddable":true,"href":"https:\/\/immomedianet.de\/pl\/wp-json\/wp\/v2\/users\/3"}],"replies":[{"embeddable":true,"href":"https:\/\/immomedianet.de\/pl\/wp-json\/wp\/v2\/comments?post=33894"}],"version-history":[{"count":1,"href":"https:\/\/immomedianet.de\/pl\/wp-json\/wp\/v2\/pages\/33894\/revisions"}],"predecessor-version":[{"id":33895,"href":"https:\/\/immomedianet.de\/pl\/wp-json\/wp\/v2\/pages\/33894\/revisions\/33895"}],"wp:attachment":[{"href":"https:\/\/immomedianet.de\/pl\/wp-json\/wp\/v2\/media?parent=33894"}],"curies":[{"name":"wp","href":"https:\/\/api.w.org\/{rel}","templated":true}]}}